{"id":7,"date":"2020-03-02T10:40:47","date_gmt":"2020-03-02T10:40:47","guid":{"rendered":"http:\/\/benetronas.pl\/?page_id=7"},"modified":"2024-11-26T08:31:30","modified_gmt":"2024-11-26T08:31:30","slug":"o-nas","status":"publish","type":"page","link":"https:\/\/benetronas.pl\/index.php\/o-nas\/","title":{"rendered":"O nas"},"content":{"rendered":"\n<p>Nasza Agencja Edukacyjna zajmuje si\u0119 projekcj\u0105 film\u00f3w edukacyjnych zar\u00f3wno dla szk\u00f3\u0142 jak i przedszkoli w technologii 180\u00b0 \u2013 obraz wy\u015bwietlany jest wok\u00f3\u0142 nas tak jak rzeczywisto\u015b\u0107. <\/p>\n\n\n\n<p>W dobie urz\u0105dze\u0144 elektronicznych, gier wideo,\ntelewizji, internetu, uczestnictwo uczni\u00f3w w mobilnych projekcjach mo\u017ce by\u0107\n\u201eiskr\u0105\u201d rozpalaj\u0105c\u0105 zainteresowanie nauk\u0105. <br>\nProjekcje edukacyjne pozwol\u0105 dzieciom poszerza\u0107 horyzonty, zaspokoi\u0107 ciekawo\u015b\u0107, uzupe\u0142ni\u0107 przerabiany\nmateria\u0142, a wszystko niewielkim kosztem bez konieczno\u015bci wychodzenia ze szko\u0142y\nlub przedszkola.<\/p>\n\n\n\n<p>Takie projekcje to atrakcyjne lekcje dla uczni\u00f3w.\nZr\u00f3\u017cnicowane pod wzgl\u0119dem merytorycznym i form\u0105 przekazu, dzi\u0119ki temu\ndostosowane s\u0105 do poziomu poszczeg\u00f3lnych grup wiekowych.<\/p>\n\n\n\n<p>Nasza Agencja Edukacyjna jest pr\u0119\u017cnie rozwijaj\u0105c\u0105 si\u0119 firm\u0105, kt\u00f3rej g\u0142\u00f3wnym celem jest oferowanie us\u0142ug najwy\u017cszej jako\u015bci w konkurencyjnych cenach. Nasza oferta jest przygotowana ze szczeg\u00f3lnym uwzgl\u0119dnieniem potrzeb szk\u00f3\u0142 dlatego poza standardow\u0105 ofert\u0105 projekcji edukacyjnych zajmujemy si\u0119 wykonywaniem spersonalizowanych pami\u0105tek i pomocy szkolnych dla uczni\u00f3w.<\/p>\n\n\n\n<p><strong>Gwarantujemy Pa\u0144stwu wysok\u0105 jako\u015b\u0107 us\u0142ug, atrakcyjne\nceny oraz szybk\u0105 i mi\u0142\u0105 obs\u0142ug\u0119.<\/strong><\/p>\n\n\n\n<p><strong>Zapraszamy do zapoznania si\u0119 ze szczeg\u00f3\u0142ami naszej oferty.<\/strong><\/p>\n\n\n\n<p><\/p>\n","protected":false},"excerpt":{"rendered":"<p>Nasza Agencja Edukacyjna zajmuje si\u0119 projekcj\u0105 film\u00f3w edukacyjnych zar\u00f3wno dla szk\u00f3\u0142 jak i przedszkoli w technologii 180\u00b0 \u2013 obraz wy\u015bwietlany jest wok\u00f3\u0142 nas tak jak rzeczywisto\u015b\u0107. W dobie urz\u0105dze\u0144 elektronicznych, gier wideo, telewizji, internetu, uczestnictwo uczni\u00f3w w mobilnych projekcjach mo\u017ce &hellip; <a href=\"https:\/\/benetronas.pl\/index.php\/o-nas\/\">Czytaj dalej <span class=\"meta-nav\">&rarr;<\/span><\/a><\/p>\n","protected":false},"author":1,"featured_media":0,"parent":0,"menu_order":0,"comment_status":"closed","ping_status":"closed","template":"","meta":[],"_links":{"self":[{"href":"https:\/\/benetronas.pl\/index.php\/wp-json\/wp\/v2\/pages\/7"}],"collection":[{"href":"https:\/\/benetronas.pl\/index.php\/wp-json\/wp\/v2\/pages"}],"about":[{"href":"https:\/\/benetronas.pl\/index.php\/wp-json\/wp\/v2\/types\/page"}],"author":[{"embeddable":true,"href":"https:\/\/benetronas.pl\/index.php\/wp-json\/wp\/v2\/users\/1"}],"replies":[{"embeddable":true,"href":"https:\/\/benetronas.pl\/index.php\/wp-json\/wp\/v2\/comments?post=7"}],"version-history":[{"count":6,"href":"https:\/\/benetronas.pl\/index.php\/wp-json\/wp\/v2\/pages\/7\/revisions"}],"predecessor-version":[{"id":241,"href":"https:\/\/benetronas.pl\/index.php\/wp-json\/wp\/v2\/pages\/7\/revisions\/241"}],"wp:attachment":[{"href":"https:\/\/benetronas.pl\/index.php\/wp-json\/wp\/v2\/media?parent=7"}],"curies":[{"name":"wp","href":"https:\/\/api.w.org\/{rel}","templated":true}]}}