{"id":6,"date":"2020-03-02T10:40:47","date_gmt":"2020-03-02T10:40:47","guid":{"rendered":"http:\/\/benetronas.pl\/?page_id=6"},"modified":"2024-11-26T08:37:15","modified_gmt":"2024-11-26T08:37:15","slug":"benetronas-pl","status":"publish","type":"page","link":"https:\/\/benetronas.pl\/","title":{"rendered":""},"content":{"rendered":"\n<div class=\"wp-container-1 wp-block-group alignwide\"><div class=\"wp-block-group__inner-container\">\n<h2 class=\"has-text-align-center\"> <strong>Zapraszamy do zapoznania si\u0119 z ofert\u0105, kt\u00f3r\u0105 oferujemy dla uczni\u00f3w oraz przedszkolak\u00f3w.<\/strong> <\/h2>\n<\/div><\/div>\n\n\n\n<div class=\"wp-block-media-text alignwide is-stacked-on-mobile\" style=\"grid-template-columns:38% auto\"><figure class=\"wp-block-media-text__media\"><img loading=\"lazy\" width=\"1024\" height=\"722\" src=\"http:\/\/benetronas.pl\/wp-content\/uploads\/2020\/03\/oceanarium-1024x722.jpg\" alt=\"\" class=\"wp-image-113 size-full\" srcset=\"https:\/\/benetronas.pl\/wp-content\/uploads\/2020\/03\/oceanarium-1024x722.jpg 1024w, https:\/\/benetronas.pl\/wp-content\/uploads\/2020\/03\/oceanarium-300x211.jpg 300w, https:\/\/benetronas.pl\/wp-content\/uploads\/2020\/03\/oceanarium-768x541.jpg 768w, https:\/\/benetronas.pl\/wp-content\/uploads\/2020\/03\/oceanarium-1536x1083.jpg 1536w, https:\/\/benetronas.pl\/wp-content\/uploads\/2020\/03\/oceanarium-2048x1444.jpg 2048w\" sizes=\"(max-width: 1024px) 100vw, 1024px\" \/><\/figure><div class=\"wp-block-media-text__content\">\n<p> Nasza firma proponuje mobilne projekcje edukacyjne w technologii 180<a><strong>\u00b0<\/strong><\/a><strong>. <\/strong>&nbsp; To po\u0142\u0105czenie rozrywki  z interesuj\u0105c\u0105 form\u0105 nauki i dydaktyki. Projekcje odbywaj\u0105 si\u0119 w specjalnej kopule w kszta\u0142cie kuli, gdzie w formie filmu t\u0142umaczone s\u0105 zagadnienia z zakresu przyrody, fizyki i astronomii.  <\/p>\n<\/div><\/div>\n\n\n\n<p>Nasza firma wykonuje r\u00f3wnie\u017c personalizowane produkty\ni pami\u0105tki dla uczni\u00f3w szk\u00f3\u0142 oraz przedszkoli. Takie gad\u017cety to przede\nwszystkim pami\u0105tki z okresu dzieci\u0144stwa a w wielu przypadkach to jedyna\npami\u0105tka szkolnych wydarze\u0144, przyja\u017ani, radosnych zabaw i wyt\u0119\u017conej nauki. W\nnaszej ofercie znajdziecie produkty, kt\u00f3re na pewno nie pozwol\u0105 zapomnie\u0107 o\ntych wspania\u0142ych chwilach.<\/p>\n\n\n\n<p>Dzi\u0119ki temu, \u017ce jeste\u015bmy firm\u0105 specjalizuj\u0105c\u0105 si\u0119 w\nobs\u0142udze szk\u00f3\u0142, wiemy jak tego dokona\u0107 w tani oraz efektywny spos\u00f3b.<\/p>\n\n\n\n<p><strong>W naszej ofercie znajduj\u0105 si\u0119:<\/strong><\/p>\n\n\n\n<div class=\"wp-block-media-text alignwide has-media-on-the-right is-stacked-on-mobile\" style=\"grid-template-columns:auto 55%\"><figure class=\"wp-block-media-text__media\"><img loading=\"lazy\" width=\"1024\" height=\"725\" src=\"http:\/\/benetronas.pl\/wp-content\/uploads\/2024\/11\/na-stronke-1-1024x725.jpg\" alt=\"\" class=\"wp-image-242 size-full\" srcset=\"https:\/\/benetronas.pl\/wp-content\/uploads\/2024\/11\/na-stronke-1-1024x725.jpg 1024w, https:\/\/benetronas.pl\/wp-content\/uploads\/2024\/11\/na-stronke-1-300x212.jpg 300w, https:\/\/benetronas.pl\/wp-content\/uploads\/2024\/11\/na-stronke-1-768x543.jpg 768w, https:\/\/benetronas.pl\/wp-content\/uploads\/2024\/11\/na-stronke-1-1536x1087.jpg 1536w, https:\/\/benetronas.pl\/wp-content\/uploads\/2024\/11\/na-stronke-1-2048x1449.jpg 2048w, https:\/\/benetronas.pl\/wp-content\/uploads\/2024\/11\/na-stronke-1-1320x934.jpg 1320w\" sizes=\"(max-width: 1024px) 100vw, 1024px\" \/><\/figure><div class=\"wp-block-media-text__content\">\n<ul><li><strong>Projekcje edukacyjne<\/strong> <\/li><li><strong>Pami\u0105tki szkolne: <\/strong><\/li><li>Kalendarze tr\u00f3jdzielne<\/li><li>Kalendarze biurkowe<\/li><li>Zdj\u0119cia portretowe 15&#215;20<\/li><li>Poczt\u00f3wki ze zdj\u0119ciem<\/li><li>Zdj\u0119cia grupowe<\/li><li>Zdj\u0119cia tematyczne<\/li><li>Tablo<\/li><li>Magnesy na lod\u00f3wk\u0119<\/li><li>Zestawy naklejek <\/li><li>Miarki wzrostu<\/li><li>Breloczki <\/li><li>Laurki okoliczno\u015bciowe<\/li><li>oraz wiele innych<\/li><\/ul>\n<\/div><\/div>\n\n\n\n<div class=\"wp-container-2 wp-block-buttons\">\n<div class=\"wp-block-button is-style-outline\"><a class=\"wp-block-button__link\" href=\"https:\/\/benetronas.pl\/index.php\/oferta-2023-2024\/oferta-2024-2025\/\">Benetronas<\/a><\/div>\n<\/div>\n","protected":false},"excerpt":{"rendered":"<p>Zapraszamy do zapoznania si\u0119 z ofert\u0105, kt\u00f3r\u0105 oferujemy dla uczni\u00f3w oraz przedszkolak\u00f3w. Nasza firma proponuje mobilne projekcje edukacyjne w technologii 180\u00b0. &nbsp; To po\u0142\u0105czenie rozrywki z interesuj\u0105c\u0105 form\u0105 nauki i dydaktyki. Projekcje odbywaj\u0105 si\u0119 w specjalnej kopule w kszta\u0142cie kuli, &hellip; <a href=\"https:\/\/benetronas.pl\/\">Czytaj dalej <span class=\"meta-nav\">&rarr;<\/span><\/a><\/p>\n","protected":false},"author":1,"featured_media":0,"parent":0,"menu_order":0,"comment_status":"closed","ping_status":"closed","template":"","meta":[],"_links":{"self":[{"href":"https:\/\/benetronas.pl\/index.php\/wp-json\/wp\/v2\/pages\/6"}],"collection":[{"href":"https:\/\/benetronas.pl\/index.php\/wp-json\/wp\/v2\/pages"}],"about":[{"href":"https:\/\/benetronas.pl\/index.php\/wp-json\/wp\/v2\/types\/page"}],"author":[{"embeddable":true,"href":"https:\/\/benetronas.pl\/index.php\/wp-json\/wp\/v2\/users\/1"}],"replies":[{"embeddable":true,"href":"https:\/\/benetronas.pl\/index.php\/wp-json\/wp\/v2\/comments?post=6"}],"version-history":[{"count":16,"href":"https:\/\/benetronas.pl\/index.php\/wp-json\/wp\/v2\/pages\/6\/revisions"}],"predecessor-version":[{"id":243,"href":"https:\/\/benetronas.pl\/index.php\/wp-json\/wp\/v2\/pages\/6\/revisions\/243"}],"wp:attachment":[{"href":"https:\/\/benetronas.pl\/index.php\/wp-json\/wp\/v2\/media?parent=6"}],"curies":[{"name":"wp","href":"https:\/\/api.w.org\/{rel}","templated":true}]}}