{"id":141,"date":"2020-03-03T12:32:19","date_gmt":"2020-03-03T12:32:19","guid":{"rendered":"http:\/\/benetronas.pl\/?page_id=141"},"modified":"2020-03-03T12:32:19","modified_gmt":"2020-03-03T12:32:19","slug":"polityka-prywatnosci","status":"publish","type":"page","link":"https:\/\/benetronas.pl\/index.php\/polityka-prywatnosci\/","title":{"rendered":"Polityka prywatno\u015bci"},"content":{"rendered":"\n<h2><strong>Wyra\u017canie zgody na instalacj\u0119 przez witryn\u0119 plik\u00f3w cookies podczas ka\u017cdej wizyty z serwisie mog\u0142oby by\u0107 uci\u0105\u017cliwe. W my\u015bl&nbsp;nowelizacji ustawy Prawo Telekomunikacyjne internauta mo\u017ce wyrazi\u0107 zgod\u0119 poprzez odpowiednie ustawienia przegl\u0105darki internetowej. Od chwili uzyskania tych informacji decyzja korzystania z serwisu bez zmiany ustawie\u0144 przegl\u0105darki jest traktowana jako \u015bwiadomy wyb\u00f3r u\u017cytkownika.<\/strong><\/h2>\n\n\n\n<ol><li>Serwis nie zbiera w spos\u00f3b automatyczny \u017cadnych informacji, z wyj\u0105tkiem informacji zawartych w plikach cookies.<\/li><li>Pliki cookies (tzw. \u201eciasteczka\u201d) stanowi\u0105 dane informatyczne, w szczeg\u00f3lno\u015bci pliki tekstowe, kt\u00f3re przechowywane s\u0105 w urz\u0105dzeniu ko\u0144cowym U\u017cytkownika Serwisu i przeznaczone s\u0105 do korzystania ze stron internetowych Serwisu. Cookies zazwyczaj zawieraj\u0105 nazw\u0119 strony internetowej, z kt\u00f3rej pochodz\u0105, czas przechowywania ich na urz\u0105dzeniu ko\u0144cowym oraz unikalny numer.<\/li><li>Podmiotem zamieszczaj\u0105cym na urz\u0105dzeniu ko\u0144cowym U\u017cytkownika Serwisu pliki cookies oraz uzyskuj\u0105cym do nich dost\u0119p jest operator niniejszego Serwisu,<\/li><li>Pliki cookies wykorzystywane s\u0105 w celu:<ul><li>dostosowania zawarto\u015bci stron internetowych Serwisu do preferencji U\u017cytkownika oraz optymalizacji korzystania ze stron internetowych; w szczeg\u00f3lno\u015bci pliki te pozwalaj\u0105 rozpozna\u0107 urz\u0105dzenie U\u017cytkownika Serwisu i odpowiednio wy\u015bwietli\u0107 stron\u0119 internetow\u0105, dostosowan\u0105 do jego indywidualnych potrzeb;<\/li><li>tworzenia statystyk, kt\u00f3re pomagaj\u0105 zrozumie\u0107, w jaki spos\u00f3b U\u017cytkownicy Serwisu korzystaj\u0105 ze stron internetowych, co umo\u017cliwia ulepszanie ich struktury i zawarto\u015bci;<\/li><li>utrzymania sesji U\u017cytkownika Serwisu (po zalogowaniu), dzi\u0119ki kt\u00f3rej U\u017cytkownik nie musi na ka\u017cdej podstronie Serwisu ponownie wpisywa\u0107 loginu i has\u0142a.<\/li><\/ul><\/li><li>W ramach Serwisu stosowane s\u0105 dwa zasadnicze rodzaje plik\u00f3w cookies: \u201esesyjne\u201d &nbsp;(<em>session cookies<\/em>) oraz \u201esta\u0142e\u201d (<em>persistent cookies<\/em>). Cookies \u201esesyjne\u201d s\u0105 plikami tymczasowymi, kt\u00f3re przechowywane s\u0105 w urz\u0105dzeniu ko\u0144cowym U\u017cytkownika do czasu wylogowania, opuszczenia strony internetowej lub wy\u0142\u0105czenia oprogramowania (przegl\u0105darki internetowej). \u201eSta\u0142e\u201d pliki cookies przechowywane s\u0105 w urz\u0105dzeniu ko\u0144cowym U\u017cytkownika przez czas okre\u015blony w parametrach plik\u00f3w cookies lub do czasu ich usuni\u0119cia przez U\u017cytkownika.<\/li><li>W ramach Serwisu stosowane s\u0105 nast\u0119puj\u0105ce rodzaje plik\u00f3w cookies:<ul><li>\u201eniezb\u0119dne\u201d pliki cookies, umo\u017cliwiaj\u0105ce korzystanie z us\u0142ug dost\u0119pnych w ramach Serwisu, np. uwierzytelniaj\u0105ce pliki cookies wykorzystywane do us\u0142ug wymagaj\u0105cych uwierzytelniania w ramach Serwisu;<\/li><li>pliki cookies s\u0142u\u017c\u0105ce do zapewnienia bezpiecze\u0144stwa, np. wykorzystywane do wykrywania nadu\u017cy\u0107 w zakresie uwierzytelniania w ramach Serwisu;<\/li><li>\u201ewydajno\u015bciowe\u201d pliki cookies, umo\u017cliwiaj\u0105ce zbieranie informacji o sposobie korzystania ze stron internetowych Serwisu;<\/li><li>\u201efunkcjonalne\u201d pliki cookies, umo\u017cliwiaj\u0105ce \u201ezapami\u0119tanie\u201d wybranych przez U\u017cytkownika ustawie\u0144 i personalizacj\u0119 interfejsu U\u017cytkownika, np. w zakresie wybranego j\u0119zyka lub regionu, z kt\u00f3rego pochodzi U\u017cytkownik, rozmiaru czcionki, wygl\u0105du strony internetowej itp.;<\/li><li>\u201ereklamowe\u201d pliki cookies, umo\u017cliwiaj\u0105ce dostarczanie U\u017cytkownikom tre\u015bci reklamowych bardziej dostosowanych do ich zainteresowa\u0144.<\/li><\/ul><\/li><li>W wielu przypadkach oprogramowanie s\u0142u\u017c\u0105ce do przegl\u0105dania stron internetowych (przegl\u0105darka internetowa) domy\u015blnie dopuszcza przechowywanie plik\u00f3w cookies w urz\u0105dzeniu ko\u0144cowym U\u017cytkownika. U\u017cytkownicy Serwisu mog\u0105 dokona\u0107 w ka\u017cdym czasie zmiany ustawie\u0144 dotycz\u0105cych plik\u00f3w cookies. Ustawienia te mog\u0105 zosta\u0107 zmienione w szczeg\u00f3lno\u015bci w taki spos\u00f3b, aby blokowa\u0107 automatyczn\u0105 obs\u0142ug\u0119 plik\u00f3w cookies w ustawieniach przegl\u0105darki internetowej b\u0105d\u017a informowa\u0107 o ich ka\u017cdorazowym zamieszczeniu w urz\u0105dzeniu U\u017cytkownika Serwisu. Informacje dotycz\u0105ce sposob\u00f3w zmian ustawienia cookies w najpopularniejszych przegl\u0105darkach internetowych znajduj\u0105 si\u0119 w dalszej cz\u0119\u015bci niniejszego dokumentu. Szczeg\u00f3\u0142owe informacje o mo\u017cliwo\u015bci i sposobach obs\u0142ugi plik\u00f3w cookies dost\u0119pne s\u0105 w ustawieniach oprogramowania (przegl\u0105darki internetowej) oraz w plikach pomocy dost\u0119pnych w menu przegl\u0105darki.<\/li><li>Operator Serwisu informuje, \u017ce ograniczenia stosowania plik\u00f3w cookies mog\u0105 wp\u0142yn\u0105\u0107 na niekt\u00f3re funkcjonalno\u015bci dost\u0119pne na stronach internetowych Serwisu.<\/li><li>Pliki cookies zamieszczane w urz\u0105dzeniu ko\u0144cowym U\u017cytkownika Serwisu wykorzystywane mog\u0105 by\u0107 r\u00f3wnie\u017c przez wsp\u00f3\u0142pracuj\u0105cych z operatorem Serwisu reklamodawc\u00f3w, partner\u00f3w oraz podmiot\u00f3w trzecich (np. Facebook, Twitter, Google itp.).<\/li><\/ol>\n\n\n\n<p>10. Wi\u0119cej informacji o plikach cookies znale\u017a\u0107 mo\u017cna na stronie&nbsp;<a href=\"http:\/\/www.wszystkoociasteczkach.pl\/\" target=\"_blank\" rel=\"noreferrer noopener\">www.wszystkoociasteczkach.pl<\/a><\/p>\n\n\n\n<p><strong>Aplikacje mobilne a pliki cookies<\/strong><br>Podobnie, jak w przypadku witryny internetowej, U\u017cytkownik aplikacji mobilnej Operatora Serwisu jest informowany o wykorzystywaniu plik\u00f3w dzia\u0142aj\u0105cych podobnie do cookies w przegl\u0105darce internetowej.<\/p>\n\n\n\n<p>Pliki takie maj\u0105 za zadanie m. in. zapisywanie informacji o preferencjach U\u017cytkownika, jak r\u00f3wnie\u017c ustawie\u0144 aplikacji.<\/p>\n\n\n\n<p>Komunikat informuj\u0105cy o wykorzystywaniu takich plik\u00f3w widnieje na stronach, z kt\u00f3rych mo\u017cna legalnie aplikacje Operatora Serwisu pobra\u0107, tj. w sklepach producent\u00f3w mobilnych system\u00f3w operacyjnych.<\/p>\n\n\n\n<p>Instalacja i u\u017cytkowanie aplikacji mobilnych Operatora Serwisu pobranych z jakiegokolwiek \u017ar\u00f3d\u0142a jest traktowana jako wyra\u017cenie zgody na zapisywanie na urz\u0105dzeniu ko\u0144cowym U\u017cytkownika plik\u00f3w dzia\u0142aj\u0105cych podobnie do plik\u00f3w cookies.<\/p>\n\n\n\n<p>W przypadku braku zgody na ww. nale\u017cy zaprzesta\u0107 u\u017cytkowania aplikacji oraz usun\u0105\u0107 j\u0105 z urz\u0105dzenia ko\u0144cowego.<\/p>\n\n\n\n<p><strong>PLIKI COOKIES \u2013 INSTRUKCJA<\/strong><br><strong>Usuwanie, wy\u0142\u0105czanie przechowywania, przywracanie przechowywania plik\u00f3w cookies<\/strong><\/p>\n\n\n\n<p>Spos\u00f3b zmiany ustawie\u0144 plik\u00f3w cookies mo\u017ce r\u00f3\u017cni\u0107 si\u0119 w zale\u017cno\u015bci od przegl\u0105darki internetowej, z kt\u00f3rej korzysta u\u017cytkownik. Informacje na temat plik\u00f3w cookies znajduj\u0105 si\u0119 w zak\u0142adce \u201ePomoc\u201d w ka\u017cdej przegl\u0105darce internetowej.<\/p>\n\n\n\n<p><strong>Pliki cookies w przegl\u0105darkach internetowych<\/strong><br>W opcjach przegl\u0105darki nale\u017cy wybra\u0107 opcj\u0119 odpowiadaj\u0105c\u0105 za ustawienia prywatno\u015bci:<\/p>\n\n\n\n<p><strong>Google Chrome<\/strong><br>Domy\u015blne ustawienia przegl\u0105darki Google Chrome zezwalaj\u0105 na przechowywanie cookies. Aby zmieni\u0107 ustawienia nale\u017cy:<\/p>\n\n\n\n<ul><li>klikn\u0105\u0107 w menu \u201eUstawienia Google Chrome\u201d i wybra\u0107 opcj\u0119 \u201eUstawienia\u201d;<\/li><li>klikn\u0105\u0107 w \u201ePoka\u017c ustawienia zaawansowane\u201d na dole strony;<\/li><li>wybra\u0107 opcj\u0119 \u201eUstawienia tre\u015bci\u201d w opcjach \u201ePrywatno\u015b\u0107\u201d;<\/li><li>wybra\u0107 \u017c\u0105dane ustawienia;<\/li><li>aby wprowadzi\u0107 specjalne ustawienia dla danego serwisu nale\u017cy klikn\u0105\u0107 w \u201eZarz\u0105dzaj wyj\u0105tkami\u201d i wybra\u0107 w\u0142asne ustawienia dla witryn;<\/li><li>aby zatwierdzi\u0107 zmiany nale\u017cy klikn\u0105\u0107 w przycisk \u201eGotowe\u201d.<\/li><\/ul>\n\n\n\n<p><strong>Microsoft Internet Explorer<\/strong><br>Domy\u015blne ustawienia przegl\u0105darki Microsoft Internet Explorerzezwalaj\u0105 na przechowywanie plik\u00f3w cookies, ale blokuj\u0105 pliki, kt\u00f3re mog\u0105 pochodzi\u0107 z serwis\u00f3w niestosuj\u0105cych polityki prywatno\u015bci. Aby zmieni\u0107 ustawienia nale\u017cy:<br><\/p>\n\n\n\n<ul><li>klikn\u0105\u0107 w menu \u201eNarz\u0119dzia\u201d i wybra\u0107 \u201eOpcje Internetowe\u201d;<br><\/li><li>wybra\u0107 zak\u0142adk\u0119 \u201ePrywatno\u015b\u0107\u201d;<br><\/li><li>za pomoc\u0105 suwaka okre\u015bli\u0107 \u017c\u0105dany poziom ustawie\u0144 (najwy\u017cszy blokuje cookies ca\u0142kowicie, najni\u017cszy zezwala na przechowywanie wszystkich cookies);<\/li><\/ul>\n\n\n\n<p>LUB:<\/p>\n\n\n\n<ul><li>klikn\u0105\u0107 przycisk \u201eZaawansowane\u201d i samodzielnie wybra\u0107 \u017c\u0105dane ustawienia;<\/li><li>aby wprowadzi\u0107 specjalne ustawienia dla danego serwisu nale\u017cy klikn\u0105\u0107 w \u201eWitryny\u201d i wybra\u0107 w\u0142asne ustawienia dla witryn;<\/li><li>zatwierdzi\u0107 zmiany za pomoc\u0105 przycisku \u201eOK\u201d.<\/li><\/ul>\n\n\n\n<p><strong>Mozilla Firefox<\/strong><br>Domy\u015blne ustawienia przegl\u0105darki Mozilla Firefox zezwalaj\u0105 na przechowywanie plik\u00f3w cookies. Aby zmieni\u0107 ustawienia nale\u017cy:<\/p>\n\n\n\n<ul><li>klikn\u0105\u0107 w menu \u201eNarz\u0119dzia\u201d (w innych wersjach: klikn\u0105\u0107 przycisk \u201eFirefox\u201d) i wybra\u0107 \u201eOpcje\u201d;<\/li><li>nast\u0119pnie wybra\u0107 zak\u0142adk\u0119 \u201ePrywatno\u015b\u0107\u201d i zaznaczy\u0107 \u017c\u0105dane ustawienia;<\/li><li>aby wprowadzi\u0107 specjalne ustawienia dla danego serwisu nale\u017cy klikn\u0105\u0107 w \u201eWyj\u0105tki\u201d i wybra\u0107 w\u0142asne ustawienia dla witryn;<\/li><li>zatwierdzi\u0107 zmiany za pomoc\u0105 przycisku \u201eOK\u201d.<\/li><\/ul>\n\n\n\n<p><strong>Opera<\/strong><br>Domy\u015blne ustawienia przegl\u0105darki Opera zezwalaj\u0105 na przechowywanie plik\u00f3w cookies. Aby zmieni\u0107 ustawienia nale\u017cy:<\/p>\n\n\n\n<ul><li>klikn\u0105\u0107 w \u201ePreferencje\u201d, wybra\u0107 opcj\u0119 \u201eZaawansowane\u201d, a nast\u0119pnie \u201eCiasteczka\u201d;<\/li><li>zaznaczy\u0107 \u017c\u0105dane ustawienia;<\/li><li>aby wprowadzi\u0107 specjalne ustawienia dla danego serwisu nale\u017cy wej\u015b\u0107 na wybran\u0105 stron\u0119 internetow\u0105, klikn\u0105\u0107 na niej prawym przyciskiem myszy, wybra\u0107 polecenie \u201ePreferencje dla witryn\u201d i przej\u015b\u0107 do karty \u201eCiasteczka\u201d a nast\u0119pnie wprowadzi\u0107 po\u017c\u0105dane ustawienia;<\/li><li>zatwierdzi\u0107 zmiany za pomoc\u0105 przycisku \u201eOK\u201d.<\/li><\/ul>\n\n\n\n<p><strong>Safari<\/strong><br>Domy\u015blne ustawienia przegl\u0105darki Safari zezwalaj\u0105 na przechowywanie plik\u00f3w cookies. Aby zmieni\u0107 ustawienia nale\u017cy:<\/p>\n\n\n\n<ul><li>w menu \u201eSafari\u201d wybra\u0107 opcj\u0119 \u201ePreferencje\u201d;<\/li><li>klikn\u0105\u0107 ikon\u0119 \u201ePrywatno\u015b\u0107\u201d;<\/li><li>zaznaczy\u0107 \u017c\u0105dane ustawienia;<\/li><li>aby wprowadzi\u0107 specjalne ustawienia dla danego serwisu nale\u017cy klikn\u0105\u0107 w \u201eSzczeg\u00f3\u0142y\u201d i wybra\u0107 w\u0142asne ustawienia dla witryn.<\/li><\/ul>\n\n\n\n<p><strong>Pliki cookies w programie Adobe Flash Player<\/strong><br>Oprogramowanie Adobe Flash Player u\u017cywane jest w celu umo\u017cliwienia U\u017cytkownikowi dost\u0119pu do multimedialnych danych (podcasty mp3, filmy wideo, inne dane), przekaz\u00f3w strumieniowych (transmisje \u201ena \u017cywo\u201d), program\u00f3w takich, jak np. gry internetowe (w kt\u00f3re mo\u017cna gra\u0107 w przegl\u0105darce internetowej), a tak\u017ce do dostarczenia U\u017cytkownikowi reklamy. Oprogramowanie Adobe Flash Player r\u00f3wnie\u017c u\u017cywa plik\u00f3w cookies. Dost\u0119p do nich mo\u017cliwy jest dzi\u0119ki mechanizmowi na stronie internetowej Adobe:&nbsp;<a href=\"http:\/\/www.macromedia.com\/support\/documentation\/pl\/flashplayer\/help\/settings_manager07.html\" target=\"_blank\" rel=\"noreferrer noopener\">http:\/\/www.macromedia.com\/support\/documentation\/pl\/flashplayer\/help\/settings_manager07.html<\/a><\/p>\n\n\n\n<p><strong>Pliki cookies w przegl\u0105darkach internetowych urz\u0105dze\u0144 mobilnych<\/strong><br>Opis ustawie\u0144 dost\u0119pny jest na stronach internetowych producent\u00f3w najpopularniejszych system\u00f3w mobilnych:<\/p>\n\n\n\n<ul><li><a href=\"http:\/\/support.apple.com\/kb\/HT1677?viewlocale=pl_PL\" target=\"_blank\" rel=\"noreferrer noopener\">urz\u0105dzenia z systemem iOS<\/a><\/li><li><a href=\"http:\/\/support.google.com\/chrome\/bin\/answer.py?hl=pl&amp;answer=95647\" target=\"_blank\" rel=\"noreferrer noopener\">urz\u0105dzenia z systemem Android<\/a><\/li><li><a href=\"http:\/\/www.windowsphone.com\/pl-pl\/how-to\/wp7\/web\/changing-privacy-and-other-browser-settings\" target=\"_blank\" rel=\"noreferrer noopener\">urz\u0105dzenia z systemem Windows Phone<\/a><\/li><li><a href=\"http:\/\/docs.blackberry.com\/en\/smartphone_users\/deliverables\/32004\/Turn_off_cookies_in_the_browser_60_1072866_11.jsp\" target=\"_blank\" rel=\"noreferrer noopener\">urz\u0105dzenia z systemem BlackBerry<\/a><\/li><\/ul>\n\n\n\n<p>W ramach system\u00f3w mobilnych dost\u0119pnych jest wiele r\u00f3\u017cnych przegl\u0105darek internetowych. Szczeg\u00f3\u0142owe informacje na temat ustawie\u0144 dotycz\u0105cych plik\u00f3w cookies mo\u017cna uzyska\u0107 w ustawieniach w menu u\u017cywanej przegl\u0105darki.<\/p>\n","protected":false},"excerpt":{"rendered":"<p>Wyra\u017canie zgody na instalacj\u0119 przez witryn\u0119 plik\u00f3w cookies podczas ka\u017cdej wizyty z serwisie mog\u0142oby by\u0107 uci\u0105\u017cliwe. W my\u015bl&nbsp;nowelizacji ustawy Prawo Telekomunikacyjne internauta mo\u017ce wyrazi\u0107 zgod\u0119 poprzez odpowiednie ustawienia przegl\u0105darki internetowej. Od chwili uzyskania tych informacji decyzja korzystania z serwisu bez &hellip; <a href=\"https:\/\/benetronas.pl\/index.php\/polityka-prywatnosci\/\">Czytaj dalej <span class=\"meta-nav\">&rarr;<\/span><\/a><\/p>\n","protected":false},"author":1,"featured_media":0,"parent":0,"menu_order":0,"comment_status":"closed","ping_status":"closed","template":"","meta":[],"_links":{"self":[{"href":"https:\/\/benetronas.pl\/index.php\/wp-json\/wp\/v2\/pages\/141"}],"collection":[{"href":"https:\/\/benetronas.pl\/index.php\/wp-json\/wp\/v2\/pages"}],"about":[{"href":"https:\/\/benetronas.pl\/index.php\/wp-json\/wp\/v2\/types\/page"}],"author":[{"embeddable":true,"href":"https:\/\/benetronas.pl\/index.php\/wp-json\/wp\/v2\/users\/1"}],"replies":[{"embeddable":true,"href":"https:\/\/benetronas.pl\/index.php\/wp-json\/wp\/v2\/comments?post=141"}],"version-history":[{"count":1,"href":"https:\/\/benetronas.pl\/index.php\/wp-json\/wp\/v2\/pages\/141\/revisions"}],"predecessor-version":[{"id":142,"href":"https:\/\/benetronas.pl\/index.php\/wp-json\/wp\/v2\/pages\/141\/revisions\/142"}],"wp:attachment":[{"href":"https:\/\/benetronas.pl\/index.php\/wp-json\/wp\/v2\/media?parent=141"}],"curies":[{"name":"wp","href":"https:\/\/api.w.org\/{rel}","templated":true}]}}